{"id":801,"date":"2019-02-04T12:36:35","date_gmt":"2019-02-04T17:36:35","guid":{"rendered":"https:\/\/aiahighfivesforkids.ca\/?page_id=801"},"modified":"2019-02-04T12:36:35","modified_gmt":"2019-02-04T17:36:35","slug":"acheter-un-produit","status":"publish","type":"page","link":"https:\/\/www.aiahighfivesforkids.ca\/fr\/acheter-un-produit\/","title":{"rendered":"ACHETER UN PRODUIT"},"content":{"rendered":"<p id=\"tw-target-text\" class=\"tw-data-text tw-ta tw-text-small\" dir=\"ltr\" data-placeholder=\"Translation\"><span lang=\"fr\" tabindex=\"0\">AIA Canada est heureuse d&rsquo;offrir des foulards et des chaussettes de marque destin\u00e9s \u00e0 devenir des objets de collection chaque ann\u00e9e. Tous les profits de la vente de ces produits seront revers\u00e9s \u00e0 la Fondation AIA un coup de main pour les enfants.<\/span><\/p>\n<p dir=\"ltr\" data-placeholder=\"Translation\"><div class=\"woocommerce columns-4 \"><\/div><\/p>\n","protected":false},"excerpt":{"rendered":"<p>AIA Canada est heureuse d&rsquo;offrir des foulards et des chaussettes de marque destin\u00e9s \u00e0 devenir des objets de collection chaque ann\u00e9e. Tous les profits de la vente de ces produits seront revers\u00e9s \u00e0 la Fondation AIA un coup de main pour les enfants.<\/p>\n","protected":false},"author":2,"featured_media":0,"parent":0,"menu_order":0,"comment_status":"closed","ping_status":"closed","template":"","meta":{"_acf_changed":false,"_genesis_hide_title":false,"_genesis_hide_breadcrumbs":false,"_genesis_hide_singular_image":false,"_genesis_hide_footer_widgets":false,"_genesis_custom_body_class":"","_genesis_custom_post_class":"","_genesis_layout":"","footnotes":""},"class_list":{"0":"post-801","1":"page","2":"type-page","3":"status-publish","5":"entry"},"acf":[],"yoast_head":"<!-- This site is optimized with the Yoast SEO plugin v24.4 - https:\/\/yoast.com\/wordpress\/plugins\/seo\/ -->\n<title>ACHETER UN PRODUIT - AIA High Fives For Kids Foundation<\/title>\n<meta name=\"robots\" content=\"index, follow, max-snippet:-1, max-image-preview:large, max-video-preview:-1\" \/>\n<link rel=\"canonical\" href=\"https:\/\/aiahighfivesforkids.ca\/fr\/acheter-un-produit\/\" \/>\n<meta property=\"og:locale\" content=\"fr_FR\" \/>\n<meta property=\"og:type\" content=\"article\" \/>\n<meta property=\"og:title\" content=\"ACHETER UN PRODUIT - AIA High Fives For Kids Foundation\" \/>\n<meta property=\"og:description\" content=\"AIA Canada est heureuse d&rsquo;offrir des foulards et des chaussettes de marque destin\u00e9s \u00e0 devenir des objets de collection chaque ann\u00e9e. Tous les profits de la vente de ces produits seront revers\u00e9s \u00e0 la Fondation AIA un coup de main pour les enfants.\" \/>\n<meta property=\"og:url\" content=\"https:\/\/aiahighfivesforkids.ca\/fr\/acheter-un-produit\/\" \/>\n<meta property=\"og:site_name\" content=\"AIA High Fives For Kids Foundation\" \/>\n<meta name=\"twitter:card\" content=\"summary_large_image\" \/>\n<script type=\"application\/ld+json\" class=\"yoast-schema-graph\">{\"@context\":\"https:\/\/schema.org\",\"@graph\":[{\"@type\":\"WebPage\",\"@id\":\"https:\/\/aiahighfivesforkids.ca\/fr\/acheter-un-produit\/\",\"url\":\"https:\/\/aiahighfivesforkids.ca\/fr\/acheter-un-produit\/\",\"name\":\"ACHETER UN PRODUIT - AIA High Fives For Kids Foundation\",\"isPartOf\":{\"@id\":\"https:\/\/ns1.sociationmarketing.com\/en\/#website\"},\"datePublished\":\"2019-02-04T17:36:35+00:00\",\"breadcrumb\":{\"@id\":\"https:\/\/aiahighfivesforkids.ca\/fr\/acheter-un-produit\/#breadcrumb\"},\"inLanguage\":\"fr-FR\",\"potentialAction\":[{\"@type\":\"ReadAction\",\"target\":[\"https:\/\/aiahighfivesforkids.ca\/fr\/acheter-un-produit\/\"]}]},{\"@type\":\"BreadcrumbList\",\"@id\":\"https:\/\/aiahighfivesforkids.ca\/fr\/acheter-un-produit\/#breadcrumb\",\"itemListElement\":[{\"@type\":\"ListItem\",\"position\":1,\"name\":\"Home\",\"item\":\"https:\/\/ns1.sociationmarketing.com\/en\/\"},{\"@type\":\"ListItem\",\"position\":2,\"name\":\"ACHETER UN PRODUIT\"}]},{\"@type\":\"WebSite\",\"@id\":\"https:\/\/ns1.sociationmarketing.com\/en\/#website\",\"url\":\"https:\/\/ns1.sociationmarketing.com\/en\/\",\"name\":\"AIA High Fives For Kids Foundation\",\"description\":\"\",\"potentialAction\":[{\"@type\":\"SearchAction\",\"target\":{\"@type\":\"EntryPoint\",\"urlTemplate\":\"https:\/\/ns1.sociationmarketing.com\/en\/?s={search_term_string}\"},\"query-input\":{\"@type\":\"PropertyValueSpecification\",\"valueRequired\":true,\"valueName\":\"search_term_string\"}}],\"inLanguage\":\"fr-FR\"}]}<\/script>\n<!-- \/ Yoast SEO plugin. -->","yoast_head_json":{"title":"ACHETER UN PRODUIT - AIA High Fives For Kids Foundation","robots":{"index":"index","follow":"follow","max-snippet":"max-snippet:-1","max-image-preview":"max-image-preview:large","max-video-preview":"max-video-preview:-1"},"canonical":"https:\/\/aiahighfivesforkids.ca\/fr\/acheter-un-produit\/","og_locale":"fr_FR","og_type":"article","og_title":"ACHETER UN PRODUIT - AIA High Fives For Kids Foundation","og_description":"AIA Canada est heureuse d&rsquo;offrir des foulards et des chaussettes de marque destin\u00e9s \u00e0 devenir des objets de collection chaque ann\u00e9e. Tous les profits de la vente de ces produits seront revers\u00e9s \u00e0 la Fondation AIA un coup de main pour les enfants.","og_url":"https:\/\/aiahighfivesforkids.ca\/fr\/acheter-un-produit\/","og_site_name":"AIA High Fives For Kids Foundation","twitter_card":"summary_large_image","schema":{"@context":"https:\/\/schema.org","@graph":[{"@type":"WebPage","@id":"https:\/\/aiahighfivesforkids.ca\/fr\/acheter-un-produit\/","url":"https:\/\/aiahighfivesforkids.ca\/fr\/acheter-un-produit\/","name":"ACHETER UN PRODUIT - AIA High Fives For Kids Foundation","isPartOf":{"@id":"https:\/\/ns1.sociationmarketing.com\/en\/#website"},"datePublished":"2019-02-04T17:36:35+00:00","breadcrumb":{"@id":"https:\/\/aiahighfivesforkids.ca\/fr\/acheter-un-produit\/#breadcrumb"},"inLanguage":"fr-FR","potentialAction":[{"@type":"ReadAction","target":["https:\/\/aiahighfivesforkids.ca\/fr\/acheter-un-produit\/"]}]},{"@type":"BreadcrumbList","@id":"https:\/\/aiahighfivesforkids.ca\/fr\/acheter-un-produit\/#breadcrumb","itemListElement":[{"@type":"ListItem","position":1,"name":"Home","item":"https:\/\/ns1.sociationmarketing.com\/en\/"},{"@type":"ListItem","position":2,"name":"ACHETER UN PRODUIT"}]},{"@type":"WebSite","@id":"https:\/\/ns1.sociationmarketing.com\/en\/#website","url":"https:\/\/ns1.sociationmarketing.com\/en\/","name":"AIA High Fives For Kids Foundation","description":"","potentialAction":[{"@type":"SearchAction","target":{"@type":"EntryPoint","urlTemplate":"https:\/\/ns1.sociationmarketing.com\/en\/?s={search_term_string}"},"query-input":{"@type":"PropertyValueSpecification","valueRequired":true,"valueName":"search_term_string"}}],"inLanguage":"fr-FR"}]}},"_links":{"self":[{"href":"https:\/\/www.aiahighfivesforkids.ca\/fr\/wp-json\/wp\/v2\/pages\/801"}],"collection":[{"href":"https:\/\/www.aiahighfivesforkids.ca\/fr\/wp-json\/wp\/v2\/pages"}],"about":[{"href":"https:\/\/www.aiahighfivesforkids.ca\/fr\/wp-json\/wp\/v2\/types\/page"}],"author":[{"embeddable":true,"href":"https:\/\/www.aiahighfivesforkids.ca\/fr\/wp-json\/wp\/v2\/users\/2"}],"replies":[{"embeddable":true,"href":"https:\/\/www.aiahighfivesforkids.ca\/fr\/wp-json\/wp\/v2\/comments?post=801"}],"version-history":[{"count":1,"href":"https:\/\/www.aiahighfivesforkids.ca\/fr\/wp-json\/wp\/v2\/pages\/801\/revisions"}],"predecessor-version":[{"id":802,"href":"https:\/\/www.aiahighfivesforkids.ca\/fr\/wp-json\/wp\/v2\/pages\/801\/revisions\/802"}],"wp:attachment":[{"href":"https:\/\/www.aiahighfivesforkids.ca\/fr\/wp-json\/wp\/v2\/media?parent=801"}],"curies":[{"name":"wp","href":"https:\/\/api.w.org\/{rel}","templated":true}]}}